{"id":2238,"date":"2022-11-14T15:25:48","date_gmt":"2022-11-14T14:25:48","guid":{"rendered":"https:\/\/lyceejacquesprevert.fr\/?page_id=2238"},"modified":"2024-09-08T12:49:33","modified_gmt":"2024-09-08T11:49:33","slug":"experience-brusseloise","status":"publish","type":"page","link":"https:\/\/lyceejacquesprevert.fr\/?page_id=2238","title":{"rendered":"Exp\u00e9rience BruSSeloise"},"content":{"rendered":"<p>[et_pb_section fb_built=\u00a0\u00bb1&Prime; admin_label=\u00a0\u00bbHeader\u00a0\u00bb _builder_version=\u00a0\u00bb4.19.0&Prime; _module_preset=\u00a0\u00bbdefault\u00a0\u00bb use_background_color_gradient=\u00a0\u00bbon\u00a0\u00bb background_color_gradient_type=\u00a0\u00bbcircular\u00a0\u00bb background_color_gradient_direction_radial=\u00a0\u00bbtop left\u00a0\u00bb background_color_gradient_stops=\u00a0\u00bbrgba(255,255,255,0.89) 30%|rgba(255,255,255,0) 80%\u00a0\u00bb background_color_gradient_overlays_image=\u00a0\u00bbon\u00a0\u00bb background_color_gradient_start=\u00a0\u00bbrgba(255,255,255,0.89)\u00a0\u00bb background_color_gradient_start_position=\u00a0\u00bb30%\u00a0\u00bb background_color_gradient_end=\u00a0\u00bbrgba(255,255,255,0)\u00a0\u00bb background_color_gradient_end_position=\u00a0\u00bb80%\u00a0\u00bb background_image=\u00a0\u00bbhttps:\/\/lyceejacquesprevert.fr\/wp-content\/uploads\/2022\/11\/IMG_20221109_165744-scaled.jpg\u00a0\u00bb min_height=\u00a0\u00bb354.7px\u00a0\u00bb custom_margin=\u00a0\u00bb||4px|||\u00a0\u00bb custom_padding=\u00a0\u00bb3vw|0px|13px|0px|false|false\u00a0\u00bb box_shadow_style=\u00a0\u00bbpreset1&Prime; locked=\u00a0\u00bboff\u00a0\u00bb global_colors_info=\u00a0\u00bb{}\u00a0\u00bb][et_pb_row column_structure=\u00a0\u00bb3_4,1_4&Prime; _builder_version=\u00a0\u00bb4.16&Prime; _module_preset=\u00a0\u00bbdefault\u00a0\u00bb custom_margin=\u00a0\u00bb-22px|auto||auto||\u00a0\u00bb custom_padding=\u00a0\u00bb31px||0px|||\u00a0\u00bb global_colors_info=\u00a0\u00bb{}\u00a0\u00bb][et_pb_column type=\u00a0\u00bb3_4&Prime; _builder_version=\u00a0\u00bb4.16&Prime; _module_preset=\u00a0\u00bbdefault\u00a0\u00bb custom_padding=\u00a0\u00bb|||\u00a0\u00bb global_colors_info=\u00a0\u00bb{}\u00a0\u00bb custom_padding__hover=\u00a0\u00bb|||\u00a0\u00bb][et_pb_text _builder_version=\u00a0\u00bb4.16&Prime; _module_preset=\u00a0\u00bbdefault\u00a0\u00bb text_font=\u00a0\u00bb||||||||\u00a0\u00bb header_font=\u00a0\u00bbRaleway|700|||||||\u00a0\u00bb header_font_size=\u00a0\u00bb80px\u00a0\u00bb header_line_height=\u00a0\u00bb1.2em\u00a0\u00bb header_5_font=\u00a0\u00bbRaleway|700||on|||||\u00a0\u00bb header_5_text_color=\u00a0\u00bb#000000&Prime; header_5_font_size=\u00a0\u00bb20px\u00a0\u00bb header_5_letter_spacing=\u00a0\u00bb0.5em\u00a0\u00bb header_5_line_height=\u00a0\u00bb1.8em\u00a0\u00bb width=\u00a0\u00bb85.4%\u00a0\u00bb min_height=\u00a0\u00bb97.8px\u00a0\u00bb custom_margin=\u00a0\u00bb10px|||||\u00a0\u00bb animation_style=\u00a0\u00bbzoom\u00a0\u00bb animation_intensity_zoom=\u00a0\u00bb5%\u00a0\u00bb header_font_size_tablet=\u00a0\u00bb48px\u00a0\u00bb header_font_size_phone=\u00a0\u00bb32px\u00a0\u00bb header_font_size_last_edited=\u00a0\u00bbon|phone\u00a0\u00bb header_5_font_size_tablet=\u00a0\u00bb14px\u00a0\u00bb header_5_font_size_phone=\u00a0\u00bb12px\u00a0\u00bb header_5_font_size_last_edited=\u00a0\u00bbon|desktop\u00a0\u00bb global_colors_info=\u00a0\u00bb{}\u00a0\u00bb]<\/p>\n<h1>Exp\u00e9rience bruSSeloise inter-lyc\u00e9enne<\/h1>\n<p>[\/et_pb_text][\/et_pb_column][et_pb_column type=\u00a0\u00bb1_4&Prime; _builder_version=\u00a0\u00bb4.16&Prime; _module_preset=\u00a0\u00bbdefault\u00a0\u00bb custom_padding=\u00a0\u00bb|||\u00a0\u00bb global_colors_info=\u00a0\u00bb{}\u00a0\u00bb custom_padding__hover=\u00a0\u00bb|||\u00a0\u00bb][\/et_pb_column][\/et_pb_row][\/et_pb_section][et_pb_section fb_built=\u00a0\u00bb1&Prime; _builder_version=\u00a0\u00bb4.18.0&Prime; _module_preset=\u00a0\u00bbdefault\u00a0\u00bb custom_padding=\u00a0\u00bb14px||6px|||\u00a0\u00bb global_colors_info=\u00a0\u00bb{}\u00a0\u00bb][et_pb_row custom_padding_last_edited=\u00a0\u00bboff|desktop\u00a0\u00bb _builder_version=\u00a0\u00bb4.16&Prime; _module_preset=\u00a0\u00bbdefault\u00a0\u00bb custom_margin=\u00a0\u00bb-7px|auto|10px|auto||\u00a0\u00bb custom_padding=\u00a0\u00bb0px|0px|0|0px|false|false\u00a0\u00bb custom_padding_tablet=\u00a0\u00bb|0px||0px||true\u00a0\u00bb locked=\u00a0\u00bboff\u00a0\u00bb global_colors_info=\u00a0\u00bb{}\u00a0\u00bb][et_pb_column type=\u00a0\u00bb4_4&Prime; _builder_version=\u00a0\u00bb4.16&Prime; _module_preset=\u00a0\u00bbdefault\u00a0\u00bb custom_padding=\u00a0\u00bb|||\u00a0\u00bb global_colors_info=\u00a0\u00bb{}\u00a0\u00bb custom_padding__hover=\u00a0\u00bb|||\u00a0\u00bb][et_pb_text _builder_version=\u00a0\u00bb4.16&Prime; _module_preset=\u00a0\u00bbdefault\u00a0\u00bb text_font=\u00a0\u00bb||||||||\u00a0\u00bb text_font_size=\u00a0\u00bb16px\u00a0\u00bb text_line_height=\u00a0\u00bb2em\u00a0\u00bb header_font=\u00a0\u00bb||||||||\u00a0\u00bb header_2_font=\u00a0\u00bbRaleway|700|||||||\u00a0\u00bb header_2_font_size=\u00a0\u00bb50px\u00a0\u00bb header_2_line_height=\u00a0\u00bb1.4em\u00a0\u00bb header_6_font=\u00a0\u00bbRaleway|700||on|||||\u00a0\u00bb header_6_font_size=\u00a0\u00bb16px\u00a0\u00bb header_6_letter_spacing=\u00a0\u00bb5px\u00a0\u00bb header_6_line_height=\u00a0\u00bb1.8em\u00a0\u00bb max_width=\u00a0\u00bb700px\u00a0\u00bb module_alignment=\u00a0\u00bbcenter\u00a0\u00bb custom_margin=\u00a0\u00bb-1px||2px|||\u00a0\u00bb animation_style=\u00a0\u00bbzoom\u00a0\u00bb header_2_font_size_tablet=\u00a0\u00bb35px\u00a0\u00bb header_2_font_size_phone=\u00a0\u00bb25px\u00a0\u00bb header_2_font_size_last_edited=\u00a0\u00bbon|phone\u00a0\u00bb global_colors_info=\u00a0\u00bb{}\u00a0\u00bb]<\/p>\n<h6><\/h6>\n<h2>Le P\u00e9riple<\/h2>\n<p>&nbsp;<\/p>\n<p>[\/et_pb_text][\/et_pb_column][\/et_pb_row][et_pb_row column_structure=\u00a0\u00bb3_4,1_4&Prime; _builder_version=\u00a0\u00bb4.18.0&Prime; _module_preset=\u00a0\u00bbdefault\u00a0\u00bb use_background_color_gradient=\u00a0\u00bbon\u00a0\u00bb background_color_gradient_repeat=\u00a0\u00bbon\u00a0\u00bb background_color_gradient_stops=\u00a0\u00bbrgba(242,242,242,0.99) 0%|#ffffff 100%\u00a0\u00bb min_height=\u00a0\u00bb137px\u00a0\u00bb custom_padding=\u00a0\u00bb9px|||||\u00a0\u00bb global_colors_info=\u00a0\u00bb{}\u00a0\u00bb][et_pb_column type=\u00a0\u00bb3_4&Prime; _builder_version=\u00a0\u00bb4.18.0&Prime; _module_preset=\u00a0\u00bbdefault\u00a0\u00bb global_colors_info=\u00a0\u00bb{}\u00a0\u00bb][et_pb_text _builder_version=\u00a0\u00bb4.23.4&Prime; _module_preset=\u00a0\u00bbdefault\u00a0\u00bb custom_margin=\u00a0\u00bb-5px|||||\u00a0\u00bb custom_padding=\u00a0\u00bb0px|||||\u00a0\u00bb global_colors_info=\u00a0\u00bb{}\u00a0\u00bb]<\/p>\n<p>&nbsp;<\/p>\n<p>D\u00e9part 09 novembre 2022 , 7h.<\/p>\n<p>Notre chauffeur, le doux (mouais) Alexandre donne le ton : \u00ab Je vous interdis formellement de manger et de boire dans MON car, sinon vous y passerez l\u2019aspirateur et y ferez le m\u00e9nage \u00bb gronde t\u2019il !<\/p>\n<p>Nous sommes donc toutes et tous en hypoglyc\u00e9mie, les \u00e9l\u00e8ves s\u2019endorment et nous v\u00e9g\u00e9tons affam\u00e9es.<\/p>\n<p>La conduite de notre doux (mouais) Alexandre est agr\u00e9able et suave.<\/p>\n<p>Le trajet se d\u00e9roule sous un beau ciel bleu mais BruSSel (de m\u00e8che avec Alexandre) d\u00e9cide de nous accueillir sous une pluie battante. Alexandre, le complice, rit de bon coeur, sans vergogne mais toujours avec beaucoup de douceur (mouais).<\/p>\n<p>Battantes \u00e9galement, nous ne nous d\u00e9montons pas, et proposons aux \u00e9l\u00e8ves de d\u00e9guster les meilleures frites de BruSSel, celles de Maison Antoine, sous la pluie (les \u00e9l\u00e8ves sont enchant\u00e9s comme vous pouvez l\u2019imaginer).<br \/>\u00ab Bonjour, on voudrait 12 petites, 7 grandes pour Galil\u00e9e, 16 grandes, 4 petites pour Pr\u00e9vert, 4 petites pour les accompagnatrices, 3 mayo, 8 ketchup, 12 barbeuc\u2019, etc. etc. \u00bb Quand nous nous \u00e9cartons de la file, la client\u00e8le impatiente nous applaudit (hyper sympa\u2026mouais). Les frites sont d\u00e9licieusement d\u00e9gust\u00e9es, sous la pluie puis sous le soleil. Tout va bien !<\/p>\n<p>Notre p\u00e9riple continue \u00e0 la Maison de l\u2019Histoire Europ\u00e9enne : 6 \u00e9tages d\u2019une exposition permanente pour d\u00e9couvrir ses origines, ses \u00e9v\u00e9nements et son \u00e9volution. Livres, affiches, objets, photos, coupures\u2026 le mus\u00e9e est extraordinaire. Gr\u00e2ce \u00e0 la tablette et au livret, l\u2019apprentissage est interactif et vivant. M\u00eame pas besoin d\u2019un prof d\u2019histoire (et vlan !).<\/p>\n<p>Petit passage par le parc du Cinquantenaire et par la maison Cauchie avant une tentative de d\u00e9part vers l\u2019auberge en m\u00e9tro. C\u2019\u00e9tait sans compter sur une gr\u00e8ve g\u00e9n\u00e9rale \u00e0 BruSSel, pr\u00e9cis\u00e9ment le 09 novembre (un complot ?).<br \/>Tout en douceur, nous demandons \u00e0 Alexandre de venir nous r\u00e9cup\u00e9rer en plein coeur de BruSSel (bein quoi !?).<\/p>\n<p>Nous arrivons \u00e0 l\u2019auberge vers 19h30, attribuons les chambres aux \u00e9l\u00e8ves et allons nous coucher\u2026.ha non\u2026pas encore ! Donc, nous attribuons les chambres, montons dans les \u00e9tages, redescendons pour d\u00eener, remontons aux \u00e9tages puis redescendons car madame YENBOU Salima, d\u00e9put\u00e9e europ\u00e9enne nous attend (si, si !)<\/p>\n<p>Les \u00e9changes avec la d\u00e9put\u00e9e sont riches, les \u00e9l\u00e8ves sont curieux et lui posent beaucoup de questions. De \u00ab combien gagnez-vous ? \u00bb \u00e0 \u00ab quel est votre r\u00f4le ? \u00bb, en passant par \u00ab quelles \u00e9tudes sont n\u00e9cessaires pour devenir d\u00e9put\u00e9 ? \u00bb, tout y passe (ou presque). Madame Yenbou r\u00e9pond \u00e0 toutes les questions sans exception.<\/p>\n<p>21h30 les \u00e9l\u00e8ves ont quartier libre jusqu\u2019\u00e0\u2026on ne sait pas\u2026on s\u2019est couch\u00e9es \u00e0 minuit\u2026eux non !<\/p>\n<p>La belle \u00e9pop\u00e9e du lendemain d\u00e9bute \u00e0 6h45 (merci \u00e0 Virginie, pour son premier message WhatsApp pas trop tardif\/<em>limiteunpeutropt\u00f4tquandm\u00eamehein<\/em>. Le pr\u00e9nom de la coll\u00e8gue a \u00e9t\u00e9 modifi\u00e9 !)<\/p>\n<p>D\u00e9part 8h30 pour une arriv\u00e9e pr\u00e9vue au Parlement \u00e0 9h30\u2026.mais \u00e7a c\u2019\u00e9tait si tout allait bien !<br \/>C\u2019\u00e9tait surtout sans compter sur les \u00e9l\u00e8ves\u2026sur un \u00e9l\u00e8ve\u2026sur Ludovic (le pr\u00e9nom a \u00e9t\u00e9 \u00e9galement modifi\u00e9, l\u2019un et l\u2019autre savent !)<br \/>Nous d\u00e9collons donc \u00e0 8h45 (si, si !&#8230;Alexandre, lui, rit aux \u00e9clats), nous nous dirigeons vers le m\u00e9tro le plus proche (15 minutes de marche) achetons les billets (10 minutes), prenons le m\u00e9tro de 9h17, arrivons \u00e0 la station \u00e0 9h30, marchons encore 15 minutes. Nous arrivons enfin vers 10h au Parlement avec tous les \u00e9l\u00e8ves mais avec une pi\u00e8ce d\u2019identit\u00e9 perdue (si, si !).<\/p>\n<p>Nous sommes n\u00e9anmoins accueillis avec le sourire par un personnel charg\u00e9 des visiteurs qui nous parle du travail et du r\u00f4le du Parlement, suivi des trois assistantes de madame Yenbou. Encore une fois les \u00e9l\u00e8ves sont curieux, les questions fusent, jusqu\u2019\u00e0 notre d\u00e9part pour l\u2019h\u00e9micycle o\u00f9 la pr\u00e9sidente du Parlement nous attend\u2026.enfin pr\u00e9side une s\u00e9ance pl\u00e9ni\u00e8re.<\/p>\n<p>Apr\u00e8s cette palpitante exp\u00e9rience au Parlement nous pique-niquons sous une belle averse bruSSeloise\u2026ha non\u2026\u00e7a c\u2019\u00e9tait la veille\u2026 nous d\u00e9jeunons au soleil (yes !)<\/p>\n<p>Nous entamons alors une balade \u00e0 travers BruSSEl o\u00f9 le roi de Belgique arrive au palais royal en m\u00eame temps que nous (notre rendez-vous avec le roi \u00e9tait pr\u00e9vu, si, si !) Un petit coucou royal aux \u00e9l\u00e8ves et nous voil\u00e0 repartis.<\/p>\n<p>Apr\u00e8s quelques bulles (le parcours BD, pas le champ\u2019, hein!), le Manneken Pis et la Biblioth\u00e8que Nationale, nous arrivons \u00e0 la Grand-Place pour une heure de quartier libre (tr\u00e8s attendu par tous les \u00e9l\u00e8ves et, avouons-le, par nous-m\u00eame\u2026).<\/p>\n<p>\u00ab Madame en Allemagne on avait 4-5 heures de quartier libre \u00bb (gnagnagna\u2026)<\/p>\n<p>L\u2019heure passe en 3 minutes (si, si ! demandez \u00e0 Virginie) mais nos 39 \u00e9l\u00e8ves sont \u00e0 l\u2019endroit dit, \u00e0 l\u2019heure dite ! (ils sont PAR-FAITS!) Et c\u2019est parti pour la gaufre dans les belles galeries royales Saint Hubert : \u00ab 43 gaufres s\u2019il vous plait. 13 au chocolat et 6 au sucre pour Galil\u00e9e, strictement l\u2019inverse pour Pr\u00e9vert + 1 au sucre et 1 au chocolat et 2 au sucre pour les accompagnatrices, merci. \u00bb (Oui, c\u2019est bien \u00e7a, il en manque une\u2026pourquoi faire simple ?!).<br \/>On en a n\u00e9anmoins 3 de trop (si, si !)<\/p>\n<p>Notre chauffeur, le doux (mouais) Alexandre nous attend \u00e0 17 h non loin de l\u00e0. Nous sommes tous pr\u00e9sents (39 +4 ouf !).<\/p>\n<p>On vous passe les d\u00e9tails du refus r\u00e9it\u00e9r\u00e9 du chauffeur pour un p\u2019tit grignotage dans SON car, de l\u2019heure pour sortir de BruSSel (qui a dur\u00e9 6 heures ce coup-ci, demandez \u00e0 Virginie !), des 43 commandes du mac do et des 14 autres commandes personnelles des \u00e9l\u00e8ves affam\u00e9s (merci Alexandre !).<\/p>\n<p>Les \u00e9l\u00e8ves se mettent \u00e0 chanter \u00e0 tue-t\u00eate, en r\u00e9ponse Alexandre d\u00e9gaine sa musique \u00e0 fond les ballons\u2026La guerre est d\u00e9clar\u00e9e ! Mais chauffeur et \u00e9l\u00e8ves trouvent un terrain d\u2019entente : Les \u00e9l\u00e8ves r\u00e9clament des titres en criant dans un premier temps puis en passant par les t\u00e9l\u00e9phones de 2 CPE (suggestion faite aux \u00e9l\u00e8ves par Alexandre le blagueur au micro \u2026si, si !) Le chauffeur s\u2019ex\u00e9cute avec plaisir tandis que 2 CPE sont inond\u00e9es de messages. Le trajet se finit en chansons et en chantant, le car se transforme en dancefloor (attention\u2026 interdiction formelle de manger ET de se d\u00e9tacher). Dancefloor pour les bras, le buste et la t\u00eate donc\u2026vous visualisez ?<\/p>\n<p>Arriv\u00e9e le 10 novembre \u00e0 22h55.<\/p>\n<p>Alexandre est acclam\u00e9 par les \u00e9l\u00e8ves, nous le remercions pour sa gentillesse et sa disponibilit\u00e9 (en vrai il \u00e9tait bien le r\u00e2leur).<\/p>\n<p>Les \u00e9l\u00e8ves, eux, ont \u00e9t\u00e9 exemplaires (sauf Ludovic\u2026 hahaha !! Mais non, lui aussi).<\/p>\n<p>Merci \u00e0 eux et chapeau (de Magritte).<\/p>\n<p>Nous autres avons compt\u00e9 jusqu\u2019\u00e0 39 pas moins de 186 fois ! Mais ce fut un plaisir !<\/p>\n<p>[\/et_pb_text][\/et_pb_column][et_pb_column type=\u00a0\u00bb1_4&Prime; _builder_version=\u00a0\u00bb4.18.0&Prime; _module_preset=\u00a0\u00bbdefault\u00a0\u00bb global_colors_info=\u00a0\u00bb{}\u00a0\u00bb][et_pb_gallery gallery_ids=\u00a0\u00bb2260,2259,2258,2257,2256,2255,2254,2253,2252,2251,2250,2249,2248,2247,2246&Prime; posts_number=\u00a0\u00bb6&Prime; orientation=\u00a0\u00bbportrait\u00a0\u00bb show_title_and_caption=\u00a0\u00bboff\u00a0\u00bb zoom_icon_color=\u00a0\u00bb#0C71C3&Prime; hover_overlay_color=\u00a0\u00bbRGBA(255,255,255,0)\u00a0\u00bb _builder_version=\u00a0\u00bb4.23.4&Prime; _module_preset=\u00a0\u00bbdefault\u00a0\u00bb global_colors_info=\u00a0\u00bb{}\u00a0\u00bb][\/et_pb_gallery][\/et_pb_column][\/et_pb_row][\/et_pb_section]<\/p>\n","protected":false},"excerpt":{"rendered":"<p>Exp\u00e9rience bruSSeloise inter-lyc\u00e9enne Le P\u00e9riple &nbsp;&nbsp; D\u00e9part 09 novembre 2022 , 7h. Notre chauffeur, le doux (mouais) Alexandre donne le ton : \u00ab Je vous interdis formellement de manger et de boire dans MON car, sinon vous y passerez l\u2019aspirateur et y ferez le m\u00e9nage \u00bb gronde t\u2019il ! Nous sommes donc toutes et tous [&hellip;]<\/p>\n","protected":false},"author":6,"featured_media":0,"parent":0,"menu_order":0,"comment_status":"closed","ping_status":"closed","template":"","meta":{"_et_pb_use_builder":"on","_et_pb_old_content":"","_et_gb_content_width":"","footnotes":""},"class_list":["post-2238","page","type-page","status-publish","hentry"],"_links":{"self":[{"href":"https:\/\/lyceejacquesprevert.fr\/index.php?rest_route=\/wp\/v2\/pages\/2238","targetHints":{"allow":["GET"]}}],"collection":[{"href":"https:\/\/lyceejacquesprevert.fr\/index.php?rest_route=\/wp\/v2\/pages"}],"about":[{"href":"https:\/\/lyceejacquesprevert.fr\/index.php?rest_route=\/wp\/v2\/types\/page"}],"author":[{"embeddable":true,"href":"https:\/\/lyceejacquesprevert.fr\/index.php?rest_route=\/wp\/v2\/users\/6"}],"replies":[{"embeddable":true,"href":"https:\/\/lyceejacquesprevert.fr\/index.php?rest_route=%2Fwp%2Fv2%2Fcomments&post=2238"}],"version-history":[{"count":11,"href":"https:\/\/lyceejacquesprevert.fr\/index.php?rest_route=\/wp\/v2\/pages\/2238\/revisions"}],"predecessor-version":[{"id":3015,"href":"https:\/\/lyceejacquesprevert.fr\/index.php?rest_route=\/wp\/v2\/pages\/2238\/revisions\/3015"}],"wp:attachment":[{"href":"https:\/\/lyceejacquesprevert.fr\/index.php?rest_route=%2Fwp%2Fv2%2Fmedia&parent=2238"}],"curies":[{"name":"wp","href":"https:\/\/api.w.org\/{rel}","templated":true}]}}