{"id":1952,"date":"2022-09-16T15:06:34","date_gmt":"2022-09-16T14:06:34","guid":{"rendered":"https:\/\/lyceejacquesprevert.fr\/?page_id=1952"},"modified":"2024-10-07T17:28:49","modified_gmt":"2024-10-07T16:28:49","slug":"chypre-2-2","status":"publish","type":"page","link":"https:\/\/lyceejacquesprevert.fr\/?page_id=1952","title":{"rendered":"Chypre"},"content":{"rendered":"<p>[et_pb_section fb_built=\u00a0\u00bb1&Prime; admin_label=\u00a0\u00bbHeader\u00a0\u00bb _builder_version=\u00a0\u00bb4.19.0&Prime; _module_preset=\u00a0\u00bbdefault\u00a0\u00bb use_background_color_gradient=\u00a0\u00bbon\u00a0\u00bb background_color_gradient_type=\u00a0\u00bbcircular\u00a0\u00bb background_color_gradient_direction_radial=\u00a0\u00bbtop left\u00a0\u00bb background_color_gradient_stops=\u00a0\u00bbrgba(255,255,255,0.89) 30%|rgba(255,255,255,0) 80%\u00a0\u00bb background_color_gradient_overlays_image=\u00a0\u00bbon\u00a0\u00bb background_color_gradient_start=\u00a0\u00bbrgba(255,255,255,0.89)\u00a0\u00bb background_color_gradient_start_position=\u00a0\u00bb30%\u00a0\u00bb background_color_gradient_end=\u00a0\u00bbrgba(255,255,255,0)\u00a0\u00bb background_color_gradient_end_position=\u00a0\u00bb80%\u00a0\u00bb background_image=\u00a0\u00bbhttps:\/\/lyceejacquesprevert.fr\/wp-content\/uploads\/2022\/11\/Lycee-de-Dali-4_cour-interieure-rotated.jpg\u00a0\u00bb min_height=\u00a0\u00bb354.7px\u00a0\u00bb custom_margin=\u00a0\u00bb||4px|||\u00a0\u00bb custom_padding=\u00a0\u00bb3vw|0px|13px|0px|false|false\u00a0\u00bb box_shadow_style=\u00a0\u00bbpreset1&Prime; locked=\u00a0\u00bboff\u00a0\u00bb global_colors_info=\u00a0\u00bb{}\u00a0\u00bb][et_pb_row column_structure=\u00a0\u00bb3_4,1_4&Prime; _builder_version=\u00a0\u00bb4.16&Prime; _module_preset=\u00a0\u00bbdefault\u00a0\u00bb custom_margin=\u00a0\u00bb-22px|auto||auto||\u00a0\u00bb custom_padding=\u00a0\u00bb31px||0px|||\u00a0\u00bb global_colors_info=\u00a0\u00bb{}\u00a0\u00bb][et_pb_column type=\u00a0\u00bb3_4&Prime; _builder_version=\u00a0\u00bb4.16&Prime; _module_preset=\u00a0\u00bbdefault\u00a0\u00bb custom_padding=\u00a0\u00bb|||\u00a0\u00bb global_colors_info=\u00a0\u00bb{}\u00a0\u00bb custom_padding__hover=\u00a0\u00bb|||\u00a0\u00bb][et_pb_text _builder_version=\u00a0\u00bb4.16&Prime; _module_preset=\u00a0\u00bbdefault\u00a0\u00bb text_font=\u00a0\u00bb||||||||\u00a0\u00bb header_font=\u00a0\u00bbRaleway|700|||||||\u00a0\u00bb header_font_size=\u00a0\u00bb80px\u00a0\u00bb header_line_height=\u00a0\u00bb1.2em\u00a0\u00bb header_5_font=\u00a0\u00bbRaleway|700||on|||||\u00a0\u00bb header_5_text_color=\u00a0\u00bb#000000&Prime; header_5_font_size=\u00a0\u00bb20px\u00a0\u00bb header_5_letter_spacing=\u00a0\u00bb0.5em\u00a0\u00bb header_5_line_height=\u00a0\u00bb1.8em\u00a0\u00bb width=\u00a0\u00bb85.4%\u00a0\u00bb min_height=\u00a0\u00bb97.8px\u00a0\u00bb custom_margin=\u00a0\u00bb10px|||||\u00a0\u00bb animation_style=\u00a0\u00bbzoom\u00a0\u00bb animation_intensity_zoom=\u00a0\u00bb5%\u00a0\u00bb header_font_size_tablet=\u00a0\u00bb48px\u00a0\u00bb header_font_size_phone=\u00a0\u00bb32px\u00a0\u00bb header_font_size_last_edited=\u00a0\u00bbon|phone\u00a0\u00bb header_5_font_size_tablet=\u00a0\u00bb14px\u00a0\u00bb header_5_font_size_phone=\u00a0\u00bb12px\u00a0\u00bb header_5_font_size_last_edited=\u00a0\u00bbon|desktop\u00a0\u00bb global_colors_info=\u00a0\u00bb{}\u00a0\u00bb]<\/p>\n<h1 class=\"jxuftiz4 jwegzro5 hl4rid49 icdlwmnq\"><\/h1>\n<h5>ECHANGE FRANCo &#8211; chypriote<\/h5>\n<h1>Lyc\u00e9e de Dali<\/h1>\n<p>[\/et_pb_text][\/et_pb_column][et_pb_column type=\u00a0\u00bb1_4&Prime; _builder_version=\u00a0\u00bb4.16&Prime; _module_preset=\u00a0\u00bbdefault\u00a0\u00bb custom_padding=\u00a0\u00bb|||\u00a0\u00bb global_colors_info=\u00a0\u00bb{}\u00a0\u00bb custom_padding__hover=\u00a0\u00bb|||\u00a0\u00bb][\/et_pb_column][\/et_pb_row][\/et_pb_section][et_pb_section fb_built=\u00a0\u00bb1&Prime; _builder_version=\u00a0\u00bb4.18.0&Prime; _module_preset=\u00a0\u00bbdefault\u00a0\u00bb custom_padding=\u00a0\u00bb14px|||||\u00a0\u00bb global_colors_info=\u00a0\u00bb{}\u00a0\u00bb][et_pb_row column_structure=\u00a0\u00bb1_2,1_2&Prime; custom_padding_last_edited=\u00a0\u00bboff|desktop\u00a0\u00bb _builder_version=\u00a0\u00bb4.16&Prime; _module_preset=\u00a0\u00bbdefault\u00a0\u00bb custom_margin=\u00a0\u00bb-7px|auto|10px|auto||\u00a0\u00bb custom_padding=\u00a0\u00bb0px|0px|0|0px|false|false\u00a0\u00bb custom_padding_tablet=\u00a0\u00bb|0px||0px||true\u00a0\u00bb locked=\u00a0\u00bboff\u00a0\u00bb global_colors_info=\u00a0\u00bb{}\u00a0\u00bb][et_pb_column type=\u00a0\u00bb1_2&Prime; _builder_version=\u00a0\u00bb4.16&Prime; _module_preset=\u00a0\u00bbdefault\u00a0\u00bb custom_padding=\u00a0\u00bb|||\u00a0\u00bb global_colors_info=\u00a0\u00bb{}\u00a0\u00bb custom_padding__hover=\u00a0\u00bb|||\u00a0\u00bb][et_pb_text _builder_version=\u00a0\u00bb4.16&Prime; _module_preset=\u00a0\u00bbdefault\u00a0\u00bb text_font=\u00a0\u00bb||||||||\u00a0\u00bb text_font_size=\u00a0\u00bb16px\u00a0\u00bb text_line_height=\u00a0\u00bb2em\u00a0\u00bb header_font=\u00a0\u00bb||||||||\u00a0\u00bb header_2_font=\u00a0\u00bbRaleway|700|||||||\u00a0\u00bb header_2_font_size=\u00a0\u00bb50px\u00a0\u00bb header_2_line_height=\u00a0\u00bb1.4em\u00a0\u00bb header_6_font=\u00a0\u00bbRaleway|700||on|||||\u00a0\u00bb header_6_font_size=\u00a0\u00bb16px\u00a0\u00bb header_6_letter_spacing=\u00a0\u00bb5px\u00a0\u00bb header_6_line_height=\u00a0\u00bb1.8em\u00a0\u00bb max_width=\u00a0\u00bb700px\u00a0\u00bb module_alignment=\u00a0\u00bbcenter\u00a0\u00bb custom_margin=\u00a0\u00bb-1px||2px|||\u00a0\u00bb animation_style=\u00a0\u00bbzoom\u00a0\u00bb header_2_font_size_tablet=\u00a0\u00bb35px\u00a0\u00bb header_2_font_size_phone=\u00a0\u00bb25px\u00a0\u00bb header_2_font_size_last_edited=\u00a0\u00bbon|phone\u00a0\u00bb global_colors_info=\u00a0\u00bb{}\u00a0\u00bb]<\/p>\n<h6><\/h6>\n<h2>Le Projet<\/h2>\n<p>[\/et_pb_text][\/et_pb_column][et_pb_column type=\u00a0\u00bb1_2&Prime; _builder_version=\u00a0\u00bb4.16&Prime; _module_preset=\u00a0\u00bbdefault\u00a0\u00bb custom_padding=\u00a0\u00bb|||\u00a0\u00bb global_colors_info=\u00a0\u00bb{}\u00a0\u00bb custom_padding__hover=\u00a0\u00bb|||\u00a0\u00bb][\/et_pb_column][\/et_pb_row][et_pb_row column_structure=\u00a0\u00bb3_5,2_5&Prime; _builder_version=\u00a0\u00bb4.18.0&Prime; _module_preset=\u00a0\u00bbdefault\u00a0\u00bb use_background_color_gradient=\u00a0\u00bbon\u00a0\u00bb background_color_gradient_repeat=\u00a0\u00bbon\u00a0\u00bb background_color_gradient_stops=\u00a0\u00bbrgba(242,242,242,0.99) 0%|#ffffff 100%\u00a0\u00bb min_height=\u00a0\u00bb137px\u00a0\u00bb custom_padding=\u00a0\u00bb9px|||||\u00a0\u00bb global_colors_info=\u00a0\u00bb{}\u00a0\u00bb][et_pb_column type=\u00a0\u00bb3_5&Prime; _builder_version=\u00a0\u00bb4.18.0&Prime; _module_preset=\u00a0\u00bbdefault\u00a0\u00bb global_colors_info=\u00a0\u00bb{}\u00a0\u00bb][et_pb_text _builder_version=\u00a0\u00bb4.27.2&Prime; _module_preset=\u00a0\u00bbdefault\u00a0\u00bb custom_margin=\u00a0\u00bb-5px|||||\u00a0\u00bb custom_padding=\u00a0\u00bb0px|||||\u00a0\u00bb global_colors_info=\u00a0\u00bb{}\u00a0\u00bb]<\/p>\n<p>Le lyc\u00e9e Jacques Pr\u00e9vert de Combs-la-Ville a engag\u00e9 un<a href=\"http:\/\/lyk-idalion-lef.schools.ac.cy\/\"><span style=\"color: #0c71c3;\"><strong> partenariat avec le lyc\u00e9e de Dali<\/strong><\/span> <\/a>notamment par le biais de la <span style=\"color: #0c71c3;\"><a href=\"https:\/\/www.etwinning.fr\/\" style=\"color: #0c71c3;\"><strong>plateforme e-Twinning<\/strong><\/a>,<\/span> co-financ\u00e9e par le programme europ\u00e9en<a href=\"https:\/\/info.erasmusplus.fr\/\"><span style=\"color: #0c71c3;\"><strong> Erasmus+<\/strong><\/span><\/a>, et permettant aux \u00e9l\u00e8ves europ\u00e9ens de communiquer, coop\u00e9rer et d\u00e9velopper des projets \u00e0 l\u2019international. Une classe d\u2019\u00e9l\u00e8ves en Syst\u00e8mes Num\u00e9riques s\u2019est engag\u00e9e dans un \u00e9change avec les \u00e9l\u00e8ves chypriotes du lyc\u00e9e de Dali sur le th\u00e8me : <strong><em>Qui sommes-nous\u00a0? Qu\u2019est-ce qui nous unit\u00a0? <\/em><\/strong><\/p>\n<p>Le lyc\u00e9e de Dali propose un enseignement tr\u00e8s vari\u00e9 et inclut les sections litt\u00e9raires, \u00e9conomiques, commerciales, scientifiques, artistiques et linguistiques. <strong>La langue anglaise est une langue obligatoire sur trois ans et pour toutes les sections jusqu\u2019au baccalaur\u00e9at<\/strong> (apolytirion). La langue fran\u00e7aise est elle aussi une langue obligatoire du coll\u00e8ge jusqu\u2019au baccalaur\u00e9at.<\/p>\n<p><strong>La plateforme e-Twinning offre la possibilit\u00e9 aux \u00e9l\u00e8ves de mener des projets \u00e0 distance \u00e0 l\u2019aide des outils num\u00e9riques et de tisser des liens avec des correspondants \u00e9trangers en leur offrant l\u2019opportunit\u00e9 de travailler les langues \u00e9trang\u00e8res diff\u00e9remment et de communiquer \u00ab\u00a0pour de vrai\u00a0\u00bb<\/strong> avec des jeunes d\u2019autres pays et ainsi leur permettre de s\u2019impliquer davantage dans les apprentissages. Le but \u00e9tant de former des \u00e9l\u00e8ves citoyens europ\u00e9ens et donc des citoyens du monde\u00a0: travailler ensemble et \u00e9changer autour de valeurs communes.<\/p>\n<p>Les \u00e9l\u00e8ves ont commenc\u00e9 leur \u00e9change en classe de seconde bac pro et sont maintenant en classe de premi\u00e8re. Ils esp\u00e8rent vivement pouvoir rencontrer leurs correspondants chypriotes en 2023, tout d\u00e9pendra des fonds r\u00e9colt\u00e9s pour effectuer le voyage.<\/p>\n<p>[\/et_pb_text][\/et_pb_column][et_pb_column type=\u00a0\u00bb2_5&Prime; _builder_version=\u00a0\u00bb4.18.0&Prime; _module_preset=\u00a0\u00bbdefault\u00a0\u00bb global_colors_info=\u00a0\u00bb{}\u00a0\u00bb][et_pb_cta title=\u00a0\u00bbVisite des chypriotes\u00a0\u00bb button_text=\u00a0\u00bb#\u00a0\u00bb _builder_version=\u00a0\u00bb4.19.5&Prime; _module_preset=\u00a0\u00bbdefault\u00a0\u00bb header_level=\u00a0\u00bbh1&Prime; header_font=\u00a0\u00bbRaleway|800|||||||\u00a0\u00bb header_text_align=\u00a0\u00bbcenter\u00a0\u00bb header_text_color=\u00a0\u00bb#FFFFFF\u00a0\u00bb header_font_size=\u00a0\u00bb39px\u00a0\u00bb background_color=\u00a0\u00bb#FFFFFF\u00a0\u00bb background_image=\u00a0\u00bbhttps:\/\/lyceejacquesprevert.fr\/wp-content\/uploads\/2023\/01\/Litsa-et-Kiriaki.jpg\u00a0\u00bb custom_button=\u00a0\u00bbon\u00a0\u00bb button_text_size=\u00a0\u00bb21px\u00a0\u00bb button_text_color=\u00a0\u00bb#8300E9&Prime; button_bg_color=\u00a0\u00bb#FFFFFF\u00a0\u00bb button_border_width=\u00a0\u00bb0px\u00a0\u00bb button_border_radius=\u00a0\u00bb8px\u00a0\u00bb button_letter_spacing=\u00a0\u00bb6px\u00a0\u00bb button_font=\u00a0\u00bb|300|||||||\u00a0\u00bb button_use_icon=\u00a0\u00bboff\u00a0\u00bb button_alignment=\u00a0\u00bbcenter\u00a0\u00bb button_custom_margin=\u00a0\u00bb11px|||-19px|false|false\u00a0\u00bb width=\u00a0\u00bb100%\u00a0\u00bb max_width=\u00a0\u00bb100%\u00a0\u00bb module_alignment=\u00a0\u00bbcenter\u00a0\u00bb custom_margin=\u00a0\u00bb||2px|||\u00a0\u00bb custom_padding=\u00a0\u00bb||154px|||\u00a0\u00bb animation_style=\u00a0\u00bbzoom\u00a0\u00bb link_option_url=\u00a0\u00bbhttps:\/\/eduscol.education.fr\/1604\/dates-des-examens-2022&Prime; header_text_shadow_style=\u00a0\u00bbpreset2&Prime; header_text_shadow_horizontal_length=\u00a0\u00bb0.07em\u00a0\u00bb header_text_shadow_blur_strength=\u00a0\u00bb0.22em\u00a0\u00bb header_text_shadow_color=\u00a0\u00bb#000000&Prime; button_text_shadow_style=\u00a0\u00bbpreset1&Prime; button_text_shadow_horizontal_length=\u00a0\u00bb-0.11em\u00a0\u00bb button_text_shadow_vertical_length=\u00a0\u00bb-0.05em\u00a0\u00bb box_shadow_style_button=\u00a0\u00bbpreset1&Prime; text_shadow_style=\u00a0\u00bbpreset1&Prime; global_colors_info=\u00a0\u00bb{}\u00a0\u00bb][\/et_pb_cta][et_pb_text _builder_version=\u00a0\u00bb4.27.2&Prime; _module_preset=\u00a0\u00bbdefault\u00a0\u00bb header_font=\u00a0\u00bb||||||||\u00a0\u00bb header_3_font=\u00a0\u00bbRaleway|700|||||||\u00a0\u00bb header_3_font_size=\u00a0\u00bb20px\u00a0\u00bb header_3_line_height=\u00a0\u00bb1.2em\u00a0\u00bb min_height=\u00a0\u00bb136px\u00a0\u00bb header_3_font_size_tablet=\u00a0\u00bb35px\u00a0\u00bb header_3_font_size_phone=\u00a0\u00bb25px\u00a0\u00bb header_3_font_size_last_edited=\u00a0\u00bbon|phone\u00a0\u00bb locked=\u00a0\u00bboff\u00a0\u00bb global_colors_info=\u00a0\u00bb{}\u00a0\u00bb]<\/p>\n<h3><span style=\"color: #0c71c3;\">Litsa Barrelier et Kiriaki Panayi (enseignantes venues de Chypre)<\/span><\/h3>\n<p><span style=\"color: #333333;\">sont venues visiter les deux lyc\u00e9es partenaires du projet ainsi que la Mairie de Combs-la-Ville, le mardi 24 janvier.\u00a0<\/span><\/p>\n<p><span style=\"color: #333333;\">Au lyc\u00e9e Pr\u00e9vert, elles ont pu assister aux cours d&rsquo;anglais des 2TNE2 et des 1SNA et visiter l&rsquo;\u00e9tablissement. L&rsquo;accueil \u00e0 la Mairie, en pr\u00e9sence des deux Proviseurs des lyc\u00e9es a \u00e9t\u00e9 un moment convivial.<\/span><\/p>\n<p><span style=\"color: #000000;\"><span style=\"color: #333333;\">Le site<\/span> <span style=\"color: #0c71c3;\"><a href=\"https:\/\/anglais-lp.ac-creteil.fr\/spip.php?article584\" style=\"color: #0c71c3;\">anglais LP Cr\u00e9teil<\/a><\/span> et la <span style=\"color: #0c71c3;\"><a href=\"https:\/\/dareic.ac-creteil.fr\/spip.php?article394\" style=\"color: #0c71c3;\">DAREIC<\/a><\/span> <span style=\"color: #2d2d2d;\">ont publi\u00e9 \u00e9galement des articles pour mettre en valeur ce beau projet d&rsquo;ouverture europ\u00e9enn<\/span><span style=\"color: #282828;\">e.<\/span>\u00a0<\/span><\/p>\n<p>&nbsp;<\/p>\n<p>[\/et_pb_text][\/et_pb_column][\/et_pb_row][et_pb_row _builder_version=\u00a0\u00bb4.27.2&Prime; _module_preset=\u00a0\u00bbdefault\u00a0\u00bb][et_pb_column _builder_version=\u00a0\u00bb4.27.2&Prime; _module_preset=\u00a0\u00bbdefault\u00a0\u00bb type=\u00a0\u00bb4_4&Prime;][et_pb_gallery gallery_ids=\u00a0\u00bb2335,2334,2333,2332,2331&Prime; gallery_orderby=\u00a0\u00bbrand\u00a0\u00bb show_title_and_caption=\u00a0\u00bboff\u00a0\u00bb _builder_version=\u00a0\u00bb4.27.2&Prime; _module_preset=\u00a0\u00bbdefault\u00a0\u00bb hover_enabled=\u00a0\u00bb0&Prime; global_colors_info=\u00a0\u00bb{}\u00a0\u00bb sticky_enabled=\u00a0\u00bb0&Prime;][\/et_pb_gallery][\/et_pb_column][\/et_pb_row][et_pb_row _builder_version=\u00a0\u00bb4.18.0&Prime; _module_preset=\u00a0\u00bbdefault\u00a0\u00bb custom_padding=\u00a0\u00bb5px||5px|||\u00a0\u00bb global_colors_info=\u00a0\u00bb{}\u00a0\u00bb][et_pb_column type=\u00a0\u00bb4_4&Prime; _builder_version=\u00a0\u00bb4.18.0&Prime; _module_preset=\u00a0\u00bbdefault\u00a0\u00bb global_colors_info=\u00a0\u00bb{}\u00a0\u00bb][et_pb_divider color=\u00a0\u00bb#0C71C3&Prime; _builder_version=\u00a0\u00bb4.18.0&Prime; _module_preset=\u00a0\u00bbdefault\u00a0\u00bb min_height=\u00a0\u00bb0px\u00a0\u00bb custom_margin=\u00a0\u00bb||-22px|||\u00a0\u00bb custom_padding=\u00a0\u00bb||0px|||\u00a0\u00bb global_colors_info=\u00a0\u00bb{}\u00a0\u00bb][\/et_pb_divider][\/et_pb_column][\/et_pb_row][et_pb_row custom_padding_last_edited=\u00a0\u00bboff|desktop\u00a0\u00bb _builder_version=\u00a0\u00bb4.16&Prime; _module_preset=\u00a0\u00bbdefault\u00a0\u00bb min_height=\u00a0\u00bb0px\u00a0\u00bb custom_padding=\u00a0\u00bb8px|0px|0|0px|false|false\u00a0\u00bb custom_padding_tablet=\u00a0\u00bb|0px||0px||true\u00a0\u00bb locked=\u00a0\u00bboff\u00a0\u00bb global_colors_info=\u00a0\u00bb{}\u00a0\u00bb][et_pb_column type=\u00a0\u00bb4_4&Prime; _builder_version=\u00a0\u00bb4.16&Prime; _module_preset=\u00a0\u00bbdefault\u00a0\u00bb custom_padding=\u00a0\u00bb|||\u00a0\u00bb global_colors_info=\u00a0\u00bb{}\u00a0\u00bb custom_padding__hover=\u00a0\u00bb|||\u00a0\u00bb][et_pb_text _builder_version=\u00a0\u00bb4.18.0&Prime; _module_preset=\u00a0\u00bbdefault\u00a0\u00bb text_font=\u00a0\u00bb||||||||\u00a0\u00bb text_font_size=\u00a0\u00bb16px\u00a0\u00bb text_line_height=\u00a0\u00bb2em\u00a0\u00bb header_font=\u00a0\u00bb||||||||\u00a0\u00bb header_2_font=\u00a0\u00bbRaleway|700|||||||\u00a0\u00bb header_2_font_size=\u00a0\u00bb50px\u00a0\u00bb header_2_line_height=\u00a0\u00bb1.4em\u00a0\u00bb header_6_font=\u00a0\u00bbRaleway|700||on|||||\u00a0\u00bb header_6_font_size=\u00a0\u00bb16px\u00a0\u00bb header_6_letter_spacing=\u00a0\u00bb5px\u00a0\u00bb header_6_line_height=\u00a0\u00bb1.8em\u00a0\u00bb max_width=\u00a0\u00bb700px\u00a0\u00bb module_alignment=\u00a0\u00bbcenter\u00a0\u00bb min_height=\u00a0\u00bb61px\u00a0\u00bb custom_margin=\u00a0\u00bb2px|||||\u00a0\u00bb custom_padding=\u00a0\u00bb0px||0px|0px||\u00a0\u00bb animation_style=\u00a0\u00bbzoom\u00a0\u00bb header_2_font_size_tablet=\u00a0\u00bb35px\u00a0\u00bb header_2_font_size_phone=\u00a0\u00bb25px\u00a0\u00bb header_2_font_size_last_edited=\u00a0\u00bbon|phone\u00a0\u00bb global_colors_info=\u00a0\u00bb{}\u00a0\u00bb]<\/p>\n<h6><\/h6>\n<h2>Le Partenaire<\/h2>\n<p>[\/et_pb_text][\/et_pb_column][\/et_pb_row][et_pb_row _builder_version=\u00a0\u00bb4.19.0&Prime; _module_preset=\u00a0\u00bbdefault\u00a0\u00bb custom_padding=\u00a0\u00bb0px|||||\u00a0\u00bb global_colors_info=\u00a0\u00bb{}\u00a0\u00bb][et_pb_column type=\u00a0\u00bb4_4&Prime; _builder_version=\u00a0\u00bb4.19.0&Prime; _module_preset=\u00a0\u00bbdefault\u00a0\u00bb global_colors_info=\u00a0\u00bb{}\u00a0\u00bb][et_pb_gallery gallery_ids=\u00a0\u00bb2144,2143,2142,2141,2140,2137,2221,2220,2219,2218&Prime; posts_number=\u00a0\u00bb10&Prime; show_title_and_caption=\u00a0\u00bboff\u00a0\u00bb _builder_version=\u00a0\u00bb4.19.0&Prime; _module_preset=\u00a0\u00bbdefault\u00a0\u00bb background_color=\u00a0\u00bbRGBA(255,255,255,0)\u00a0\u00bb width=\u00a0\u00bb100%\u00a0\u00bb module_alignment=\u00a0\u00bbcenter\u00a0\u00bb locked=\u00a0\u00bboff\u00a0\u00bb global_colors_info=\u00a0\u00bb{}\u00a0\u00bb][\/et_pb_gallery][\/et_pb_column][\/et_pb_row][\/et_pb_section]<\/p>\n","protected":false},"excerpt":{"rendered":"<p>ECHANGE FRANCo &#8211; chypriote Lyc\u00e9e de Dali Le ProjetLe lyc\u00e9e Jacques Pr\u00e9vert de Combs-la-Ville a engag\u00e9 un partenariat avec le lyc\u00e9e de Dali notamment par le biais de la plateforme e-Twinning, co-financ\u00e9e par le programme europ\u00e9en Erasmus+, et permettant aux \u00e9l\u00e8ves europ\u00e9ens de communiquer, coop\u00e9rer et d\u00e9velopper des projets \u00e0 l\u2019international. Une classe d\u2019\u00e9l\u00e8ves en [&hellip;]<\/p>\n","protected":false},"author":5,"featured_media":0,"parent":0,"menu_order":0,"comment_status":"closed","ping_status":"closed","template":"","meta":{"_et_pb_use_builder":"on","_et_pb_old_content":"","_et_gb_content_width":"","footnotes":""},"class_list":["post-1952","page","type-page","status-publish","hentry"],"_links":{"self":[{"href":"https:\/\/lyceejacquesprevert.fr\/index.php?rest_route=\/wp\/v2\/pages\/1952","targetHints":{"allow":["GET"]}}],"collection":[{"href":"https:\/\/lyceejacquesprevert.fr\/index.php?rest_route=\/wp\/v2\/pages"}],"about":[{"href":"https:\/\/lyceejacquesprevert.fr\/index.php?rest_route=\/wp\/v2\/types\/page"}],"author":[{"embeddable":true,"href":"https:\/\/lyceejacquesprevert.fr\/index.php?rest_route=\/wp\/v2\/users\/5"}],"replies":[{"embeddable":true,"href":"https:\/\/lyceejacquesprevert.fr\/index.php?rest_route=%2Fwp%2Fv2%2Fcomments&post=1952"}],"version-history":[{"count":52,"href":"https:\/\/lyceejacquesprevert.fr\/index.php?rest_route=\/wp\/v2\/pages\/1952\/revisions"}],"predecessor-version":[{"id":3093,"href":"https:\/\/lyceejacquesprevert.fr\/index.php?rest_route=\/wp\/v2\/pages\/1952\/revisions\/3093"}],"wp:attachment":[{"href":"https:\/\/lyceejacquesprevert.fr\/index.php?rest_route=%2Fwp%2Fv2%2Fmedia&parent=1952"}],"curies":[{"name":"wp","href":"https:\/\/api.w.org\/{rel}","templated":true}]}}